{"id":91,"date":"2020-04-01T22:05:52","date_gmt":"2020-04-01T20:05:52","guid":{"rendered":"https:\/\/zintl-bodenmais.de\/shop_\/?post_type=product&#038;p=91"},"modified":"2021-12-27T15:43:01","modified_gmt":"2021-12-27T14:43:01","slug":"ring-melano","status":"publish","type":"product","link":"https:\/\/zintl-bodenmais.de\/shop_\/?product=ring-melano","title":{"rendered":"Ring MelanO Keramik wei\u00df mit rotem Magnetstein"},"content":{"rendered":"<p>MelanO Keramikring 12mm weiss shiny mit rotem Zirkonia mit Edelstahlfassung aus der Magnetic Kollektion. Wundersch\u00f6ner Schmuck der durch die Vielfalt der Wechselaufs\u00e4tze immer wieder ver\u00e4ndert werden kann.<\/p>\n<p>&nbsp;<\/p>\n<p><strong>Produktdetails<\/strong><\/p>\n<table class=\"tg\">\n<tbody>\n<tr>\n<td class=\"tg-0pky\">Material:<\/td>\n<td class=\"tg-0pky\">Keramik<\/td>\n<\/tr>\n<tr>\n<td class=\"tg-0pky\">Ringgr\u00f6\u00dfe:<\/td>\n<td class=\"tg-0pky\">54<\/td>\n<\/tr>\n<tr>\n<td class=\"tg-0pky\">Stein:<\/td>\n<td class=\"tg-0pky\">roter Zirkonia mit Edelstahlfassung,ca. 7 mm<\/td>\n<\/tr>\n<tr>\n<tr>\n<td class=\"tg-0pky\"><\/td>\n<td class=\"tg-0pky\"><\/td>\n<\/tr>\n<\/tbody>\n<\/table>\n<p>&nbsp;<\/p>\n<p>Pflegehinweise:<\/p>\n<ul>\n<li>Bewahren Sie Ihren Schmuck nicht in feuchten R\u00e4umen auf \u2013 Feuchtigkeit l\u00e4sst vor allem Silber mit der Zeit sulfidieren\/anlaufen<\/li>\n<li>Benutzen Sie keine scharfen Reinigungsmittel, warmes Wasser gen\u00fcgt, um Verschmutzungen zu entfernen<\/li>\n<li>Silber- und Goldschmuck ohne Besatz\/Verzierungen\/Zubeh\u00f6r von Perlen, Farbsteinen, Lackschichten, Emaille, Karbon, Kautschuk, Leder, Silikon etc. l\u00e4sst sich problemlos mit den passenden Schmuckreinigungst\u00fcchern pflegen<\/li>\n<li>Legen Sie Ihren Schmuck erst nach dem Auftragen von Kosmetika an \u2013 Haarlack, Puder, Parfums, Deodorants, Sonnencremes etc. schaden Ihrem Schmuck<\/li>\n<li>Bewahren Sie Ihren Schmuck am besten in einem mehrteiligen Schmuckk\u00e4stchen auf. So vermeiden Sie bestm\u00f6glich gegenseitigen Abrieb und Kratzer<\/li>\n<\/ul>\n","protected":false},"excerpt":{"rendered":"<p>MelanO Keramikring 12mm weiss shiny mit rotem Zirkonia mit Edelstahlfassung aus der Magnetic Kollektion. Wundersch\u00f6ner Schmuck der durch die Vielfalt der Wechselaufs\u00e4tze immer wieder ver\u00e4ndert werden kann. &nbsp; Produktdetails Material: Keramik Ringgr\u00f6\u00dfe: 54 Stein: roter Zirkonia mit Edelstahlfassung,ca. 7 mm &nbsp; Pflegehinweise: Bewahren Sie Ihren Schmuck nicht in feuchten R\u00e4umen [&hellip;]<\/p>\n","protected":false},"featured_media":79,"template":"","meta":[],"product_brand":[],"product_cat":[35],"product_tag":[],"class_list":{"0":"post-91","1":"product","2":"type-product","3":"status-publish","4":"has-post-thumbnail","6":"product_cat-des-muas-weg-sale","8":"first","9":"outofstock","10":"sale","11":"sold-individually","12":"taxable","13":"shipping-taxable","14":"purchasable","15":"product-type-simple"},"aioseo_notices":[],"jetpack_sharing_enabled":true,"_links":{"self":[{"href":"https:\/\/zintl-bodenmais.de\/shop_\/index.php?rest_route=\/wp\/v2\/product\/91","targetHints":{"allow":["GET"]}}],"collection":[{"href":"https:\/\/zintl-bodenmais.de\/shop_\/index.php?rest_route=\/wp\/v2\/product"}],"about":[{"href":"https:\/\/zintl-bodenmais.de\/shop_\/index.php?rest_route=\/wp\/v2\/types\/product"}],"wp:featuredmedia":[{"embeddable":true,"href":"https:\/\/zintl-bodenmais.de\/shop_\/index.php?rest_route=\/wp\/v2\/media\/79"}],"wp:attachment":[{"href":"https:\/\/zintl-bodenmais.de\/shop_\/index.php?rest_route=%2Fwp%2Fv2%2Fmedia&parent=91"}],"wp:term":[{"taxonomy":"product_brand","embeddable":true,"href":"https:\/\/zintl-bodenmais.de\/shop_\/index.php?rest_route=%2Fwp%2Fv2%2Fproduct_brand&post=91"},{"taxonomy":"product_cat","embeddable":true,"href":"https:\/\/zintl-bodenmais.de\/shop_\/index.php?rest_route=%2Fwp%2Fv2%2Fproduct_cat&post=91"},{"taxonomy":"product_tag","embeddable":true,"href":"https:\/\/zintl-bodenmais.de\/shop_\/index.php?rest_route=%2Fwp%2Fv2%2Fproduct_tag&post=91"}],"curies":[{"name":"wp","href":"https:\/\/api.w.org\/{rel}","templated":true}]}}