{"id":447,"date":"2020-09-28T23:04:28","date_gmt":"2020-09-28T21:04:28","guid":{"rendered":"https:\/\/zintl-bodenmais.de\/shop_\/?post_type=product&#038;p=447"},"modified":"2022-08-11T15:16:42","modified_gmt":"2022-08-11T13:16:42","slug":"ernstes-design-herzanhaenger-an212","status":"publish","type":"product","link":"https:\/\/zintl-bodenmais.de\/shop_\/?product=ernstes-design-herzanhaenger-an212","title":{"rendered":"Ernstes Design Herzanh\u00e4nger AN212"},"content":{"rendered":"<p><strong><span><span style=\"font-size: small\">Ernstes Design\u00a0<\/span><\/span><\/strong><span><strong>Anh\u00e4nger\u00a0AN212<\/strong><\/span><span><\/span><\/p>\n<ul>\n<li><span>Edelstahl<\/span><span><\/span><\/li>\n<li><span>teilweise Gelbgold beschichtet<\/span><\/li>\n<li><span>Ma\u00dfe 54 x 37 mm<\/span><\/li>\n<\/ul>\n<p>Pflegehinweise:<\/p>\n<ul>\n<li>Bewahren Sie Ihren Schmuck nicht in feuchten R\u00e4umen auf \u2013 Feuchtigkeit l\u00e4sst vor allem Silber mit der Zeit sulfidieren\/anlaufen<\/li>\n<li>Benutzen Sie keine scharfen Reinigungsmittel, warmes Wasser gen\u00fcgt, um Verschmutzungen zu entfernen<\/li>\n<li>Silber- und Goldschmuck ohne Besatz\/Verzierungen\/Zubeh\u00f6r von Perlen, Farbsteinen, Lackschichten, Emaille, Karbon, Kautschuk, Leder, Silikon etc. l\u00e4sst sich problemlos mit den passenden Schmuckreinigungst\u00fcchern pflegen<\/li>\n<li>Legen Sie Ihren Schmuck erst nach dem Auftragen von Kosmetika an \u2013 Haarlack, Puder, Parfums, Deodorants, Sonnencremes etc. schaden Ihrem Schmuck<\/li>\n<li>Bewahren Sie Ihren Schmuck am besten in einem mehrteiligen Schmuckk\u00e4stchen auf. So vermeiden Sie bestm\u00f6glich gegenseitigen Abrieb und Kratzer<\/li>\n<\/ul>\n","protected":false},"excerpt":{"rendered":"<p>Ernstes Design\u00a0Anh\u00e4nger\u00a0AN212 Edelstahl teilweise Gelbgold beschichtet Ma\u00dfe 54 x 37 mm Pflegehinweise: Bewahren Sie Ihren Schmuck nicht in feuchten R\u00e4umen auf \u2013 Feuchtigkeit l\u00e4sst vor allem Silber mit der Zeit sulfidieren\/anlaufen Benutzen Sie keine scharfen Reinigungsmittel, warmes Wasser gen\u00fcgt, um Verschmutzungen zu entfernen Silber- und Goldschmuck ohne Besatz\/Verzierungen\/Zubeh\u00f6r von Perlen, [&hellip;]<\/p>\n","protected":false},"featured_media":448,"template":"","meta":[],"product_brand":[],"product_cat":[62],"product_tag":[],"class_list":{"0":"post-447","1":"product","2":"type-product","3":"status-publish","4":"has-post-thumbnail","6":"product_cat-ernstes-design","8":"first","9":"instock","10":"taxable","11":"shipping-taxable","12":"purchasable","13":"product-type-simple"},"aioseo_notices":[],"jetpack_sharing_enabled":true,"_links":{"self":[{"href":"https:\/\/zintl-bodenmais.de\/shop_\/index.php?rest_route=\/wp\/v2\/product\/447","targetHints":{"allow":["GET"]}}],"collection":[{"href":"https:\/\/zintl-bodenmais.de\/shop_\/index.php?rest_route=\/wp\/v2\/product"}],"about":[{"href":"https:\/\/zintl-bodenmais.de\/shop_\/index.php?rest_route=\/wp\/v2\/types\/product"}],"wp:featuredmedia":[{"embeddable":true,"href":"https:\/\/zintl-bodenmais.de\/shop_\/index.php?rest_route=\/wp\/v2\/media\/448"}],"wp:attachment":[{"href":"https:\/\/zintl-bodenmais.de\/shop_\/index.php?rest_route=%2Fwp%2Fv2%2Fmedia&parent=447"}],"wp:term":[{"taxonomy":"product_brand","embeddable":true,"href":"https:\/\/zintl-bodenmais.de\/shop_\/index.php?rest_route=%2Fwp%2Fv2%2Fproduct_brand&post=447"},{"taxonomy":"product_cat","embeddable":true,"href":"https:\/\/zintl-bodenmais.de\/shop_\/index.php?rest_route=%2Fwp%2Fv2%2Fproduct_cat&post=447"},{"taxonomy":"product_tag","embeddable":true,"href":"https:\/\/zintl-bodenmais.de\/shop_\/index.php?rest_route=%2Fwp%2Fv2%2Fproduct_tag&post=447"}],"curies":[{"name":"wp","href":"https:\/\/api.w.org\/{rel}","templated":true}]}}