{"id":384,"date":"2020-04-22T16:15:24","date_gmt":"2020-04-22T14:15:24","guid":{"rendered":"https:\/\/zintl-bodenmais.de\/shop_\/?post_type=product&#038;p=384"},"modified":"2020-11-14T16:41:46","modified_gmt":"2020-11-14T15:41:46","slug":"holzherz-ring-magdalena-rosegold","status":"publish","type":"product","link":"https:\/\/zintl-bodenmais.de\/shop_\/?product=holzherz-ring-magdalena-rosegold","title":{"rendered":"Holzherz Ring Magdalena Ros\u00e9gold"},"content":{"rendered":"<p>Dieser handgefertigte Ring aus Ros\u00e9gold mit einem Holzherz aus Zwetschgenholz ist ein Naturprodukt. Das Herz wurde von uns mit viel Liebe ausges\u00e4gt, gefeilt, poliert und mit Carnaubawachs behandelt &#8211; ein echtes St\u00fcck Bodenmais also. Auf Grund der vielf\u00e4ltigen Maserungen ist jedes Herz ein Unikat. Unser WoidSchmuck ist nicht nur zur Tracht ein absoluter Hingucker.<\/p>\n<p><strong>Produktdetails<\/strong><\/p>\n<p>&nbsp;<\/p>\n<table class=\"tg\">\n<tbody>\n<tr>\n<td class=\"tg-0pky\">Material- Herz:<\/td>\n<td class=\"tg-0pky\">Zwetschgenholz<\/td>\n<\/tr>\n<tr>\n<td class=\"tg-0pky\">Ringschiene:<\/td>\n<td class=\"tg-0pky\">handgefertigt, Rosegold 333<\/td>\n<\/tr>\n<tr>\n<td class=\"tg-0pky\">Ringgr\u00f6\u00dfe:<\/td>\n<td class=\"tg-0pky\">57 (\u00c4nderung m\u00f6glich)<\/td>\n<\/tr>\n<tr>\n<td class=\"tg-0pky\">Gewicht:<\/td>\n<td class=\"tg-0pky\">ca. 2,3 g<\/td>\n<\/tr>\n<tr>\n<td class=\"tg-0pky\">Finish:<\/td>\n<td class=\"tg-0pky\">Carnaubawachs (Natur-Hartwachs haupts\u00e4chlich aus Bienenwachs, Maiskeim\u00f6l, Rosmarin\u00f6l und Mineralpigmenten)<\/td>\n<\/tr>\n<tr>\n<td class=\"tg-0pky\"><\/td>\n<td class=\"tg-0pky\"><\/td>\n<\/tr>\n<\/tbody>\n<\/table>\n<p>Pflegehinweis:<br \/>\nDieses Naturprodukt verdient sehr sorgsame Behandlung und darf nicht nass werden. Bitte zum Duschen, Sport oder Schwimmen abnehmen.<\/p>\n","protected":false},"excerpt":{"rendered":"<p>Dieser handgefertigte Ring aus Ros\u00e9gold mit einem Holzherz aus Zwetschgenholz ist ein Naturprodukt. Das Herz wurde von uns mit viel Liebe ausges\u00e4gt, gefeilt, poliert und mit Carnaubawachs behandelt &#8211; ein echtes St\u00fcck Bodenmais also. Auf Grund der vielf\u00e4ltigen Maserungen ist jedes Herz ein Unikat. Unser WoidSchmuck ist nicht nur zur [&hellip;]<\/p>\n","protected":false},"featured_media":385,"template":"","meta":[],"product_brand":[],"product_cat":[34],"product_tag":[57],"class_list":{"0":"post-384","1":"product","2":"type-product","3":"status-publish","4":"has-post-thumbnail","6":"product_cat-woidschmuk","7":"product_tag-zwetschge","9":"first","10":"instock","11":"taxable","12":"shipping-taxable","13":"purchasable","14":"product-type-simple"},"aioseo_notices":[],"jetpack_sharing_enabled":true,"_links":{"self":[{"href":"https:\/\/zintl-bodenmais.de\/shop_\/index.php?rest_route=\/wp\/v2\/product\/384","targetHints":{"allow":["GET"]}}],"collection":[{"href":"https:\/\/zintl-bodenmais.de\/shop_\/index.php?rest_route=\/wp\/v2\/product"}],"about":[{"href":"https:\/\/zintl-bodenmais.de\/shop_\/index.php?rest_route=\/wp\/v2\/types\/product"}],"wp:featuredmedia":[{"embeddable":true,"href":"https:\/\/zintl-bodenmais.de\/shop_\/index.php?rest_route=\/wp\/v2\/media\/385"}],"wp:attachment":[{"href":"https:\/\/zintl-bodenmais.de\/shop_\/index.php?rest_route=%2Fwp%2Fv2%2Fmedia&parent=384"}],"wp:term":[{"taxonomy":"product_brand","embeddable":true,"href":"https:\/\/zintl-bodenmais.de\/shop_\/index.php?rest_route=%2Fwp%2Fv2%2Fproduct_brand&post=384"},{"taxonomy":"product_cat","embeddable":true,"href":"https:\/\/zintl-bodenmais.de\/shop_\/index.php?rest_route=%2Fwp%2Fv2%2Fproduct_cat&post=384"},{"taxonomy":"product_tag","embeddable":true,"href":"https:\/\/zintl-bodenmais.de\/shop_\/index.php?rest_route=%2Fwp%2Fv2%2Fproduct_tag&post=384"}],"curies":[{"name":"wp","href":"https:\/\/api.w.org\/{rel}","templated":true}]}}