{"id":382,"date":"2020-04-22T13:57:53","date_gmt":"2020-04-22T11:57:53","guid":{"rendered":"https:\/\/zintl-bodenmais.de\/shop_\/?post_type=product&#038;p=382"},"modified":"2020-04-22T16:18:51","modified_gmt":"2020-04-22T14:18:51","slug":"holzherz-ohrringe-emma","status":"publish","type":"product","link":"https:\/\/zintl-bodenmais.de\/shop_\/?product=holzherz-ohrringe-emma","title":{"rendered":"Holzherz Ohrringe Emma Silber"},"content":{"rendered":"<p>Diese Ohrringe aus Silber mit handgefertigten Holzherzen aus Ebenholz sind ein Naturprodukt. Die Herzen wurde von uns mit viel Liebe ausges\u00e4gt, gefeilt, poliert und mit Carnaubawachs behandelt &#8211; ein echtes St\u00fcck Bodenmais also. Auf Grund der vielf\u00e4ltigen Maserungen ist jedes Herz ein Unikat. Unser WoidSchmuck ist nicht nur zur Tracht ein absoluter Hingucker.<\/p>\n<p><strong>Produktdetails<\/strong><\/p>\n<p>&nbsp;<\/p>\n<table class=\"tg\">\n<tbody>\n<tr>\n<td class=\"tg-0pky\">Material- Herz:<\/td>\n<td class=\"tg-0pky\">Ebenholz<\/td>\n<\/tr>\n<tr>\n<td class=\"tg-0pky\">Ohrringe:<\/td>\n<td class=\"tg-0pky\">Silber 925<\/td>\n<\/tr>\n<tr>\n<td class=\"tg-0pky\">L\u00e4nge Ohrringe mit \u00d6se:<\/td>\n<td class=\"tg-0pky\">3,6 cm<\/td>\n<\/tr>\n<tr>\n<td class=\"tg-0pky\">Gewicht:<\/td>\n<td class=\"tg-0pky\">ca. 2,6 g<\/td>\n<\/tr>\n<tr>\n<td class=\"tg-0pky\">Finish:<\/td>\n<td class=\"tg-0pky\">Carnaubawachs (Natur-Hartwachs haupts\u00e4chlich aus Bienenwachs, Maiskeim\u00f6l, Rosmarin\u00f6l und Mineralpigmenten)<\/td>\n<\/tr>\n<tr>\n<td class=\"tg-0pky\"><\/td>\n<td class=\"tg-0pky\"><\/td>\n<\/tr>\n<\/tbody>\n<\/table>\n<p>Pflegehinweis:<br \/>\nDieses Naturprodukt verdient sehr sorgsame Behandlung und darf nicht nass werden. Bitte zum Duschen, Sport oder Schwimmen abnehmen.<\/p>\n","protected":false},"excerpt":{"rendered":"<p>Diese Ohrringe aus Silber mit handgefertigten Holzherzen aus Ebenholz sind ein Naturprodukt. Die Herzen wurde von uns mit viel Liebe ausges\u00e4gt, gefeilt, poliert und mit Carnaubawachs behandelt &#8211; ein echtes St\u00fcck Bodenmais also. Auf Grund der vielf\u00e4ltigen Maserungen ist jedes Herz ein Unikat. Unser WoidSchmuck ist nicht nur zur Tracht [&hellip;]<\/p>\n","protected":false},"featured_media":383,"template":"","meta":[],"product_brand":[],"product_cat":[34],"product_tag":[56],"class_list":{"0":"post-382","1":"product","2":"type-product","3":"status-publish","4":"has-post-thumbnail","6":"product_cat-woidschmuk","7":"product_tag-ebenholz","9":"first","10":"instock","11":"taxable","12":"shipping-taxable","13":"purchasable","14":"product-type-simple"},"aioseo_notices":[],"jetpack_sharing_enabled":true,"_links":{"self":[{"href":"https:\/\/zintl-bodenmais.de\/shop_\/index.php?rest_route=\/wp\/v2\/product\/382","targetHints":{"allow":["GET"]}}],"collection":[{"href":"https:\/\/zintl-bodenmais.de\/shop_\/index.php?rest_route=\/wp\/v2\/product"}],"about":[{"href":"https:\/\/zintl-bodenmais.de\/shop_\/index.php?rest_route=\/wp\/v2\/types\/product"}],"wp:featuredmedia":[{"embeddable":true,"href":"https:\/\/zintl-bodenmais.de\/shop_\/index.php?rest_route=\/wp\/v2\/media\/383"}],"wp:attachment":[{"href":"https:\/\/zintl-bodenmais.de\/shop_\/index.php?rest_route=%2Fwp%2Fv2%2Fmedia&parent=382"}],"wp:term":[{"taxonomy":"product_brand","embeddable":true,"href":"https:\/\/zintl-bodenmais.de\/shop_\/index.php?rest_route=%2Fwp%2Fv2%2Fproduct_brand&post=382"},{"taxonomy":"product_cat","embeddable":true,"href":"https:\/\/zintl-bodenmais.de\/shop_\/index.php?rest_route=%2Fwp%2Fv2%2Fproduct_cat&post=382"},{"taxonomy":"product_tag","embeddable":true,"href":"https:\/\/zintl-bodenmais.de\/shop_\/index.php?rest_route=%2Fwp%2Fv2%2Fproduct_tag&post=382"}],"curies":[{"name":"wp","href":"https:\/\/api.w.org\/{rel}","templated":true}]}}