{"id":378,"date":"2020-04-22T13:35:49","date_gmt":"2020-04-22T11:35:49","guid":{"rendered":"https:\/\/zintl-bodenmais.de\/shop_\/?post_type=product&#038;p=378"},"modified":"2025-01-08T15:12:52","modified_gmt":"2025-01-08T14:12:52","slug":"holzherz-magdalena-klein","status":"publish","type":"product","link":"https:\/\/zintl-bodenmais.de\/shop_\/?product=holzherz-magdalena-klein","title":{"rendered":"Holzherz Magdalena klein"},"content":{"rendered":"<p>Dieses handgefertigte Holzherz aus Zwetschenholz mit Silber\u00f6se ist ein Naturprodukt. Es wurde von uns mit viel Liebe ausges\u00e4gt, gefeilt, poliert und mit Carnaubawachs behandelt &#8211; ein echtes St\u00fcck Bodenmais also. Auf Grund der vielf\u00e4ltigen Maserungen ist jedes Herz ein Unikat. Unser WoidSchmuck ist nicht nur zur Tracht ein absoluter Hingucker.<\/p>\n<p><strong>Produktdetails<\/strong><\/p>\n<table class=\"tg\">\n<tbody>\n<tr>\n<td class=\"tg-0pky\">Material:<\/td>\n<td class=\"tg-0pky\">Zwetschgenholz<\/td>\n<\/tr>\n<tr>\n<td class=\"tg-0pky\">\u00d6se:<\/td>\n<td class=\"tg-0pky\">handgefertigt, Silber 925<\/td>\n<\/tr>\n<tr>\n<td class=\"tg-0pky\">Gr\u00f6\u00dfe:<\/td>\n<td class=\"tg-0pky\">ca. 3,7 cm<\/td>\n<\/tr>\n<tr>\n<td class=\"tg-0pky\">Gewicht:<\/td>\n<td class=\"tg-0pky\">ca. 3,3 g<\/td>\n<\/tr>\n<tr>\n<td class=\"tg-0pky\">Finish:<\/td>\n<td class=\"tg-0pky\">Carnaubawachs (Natur-Hartwachs haupts\u00e4chlich aus Bienenwachs, Maiskeim\u00f6l, Rosmarin\u00f6l und Mineralpigmenten)<\/td>\n<\/tr>\n<tr>\n<td class=\"tg-0pky\"><\/td>\n<td class=\"tg-0pky\"><\/td>\n<\/tr>\n<\/tbody>\n<\/table>\n<p>Pflegehinweis:<br \/>\nDieses Naturprodukt verdient sehr sorgsame Behandlung und darf nicht nass werden. Bitte zum Duschen, Sport oder Schwimmen abnehmen.<\/p>\n","protected":false},"excerpt":{"rendered":"<p>Dieses handgefertigte Holzherz aus Zwetschenholz mit Silber\u00f6se ist ein Naturprodukt. Es wurde von uns mit viel Liebe ausges\u00e4gt, gefeilt, poliert und mit Carnaubawachs behandelt &#8211; ein echtes St\u00fcck Bodenmais also. Auf Grund der vielf\u00e4ltigen Maserungen ist jedes Herz ein Unikat. Unser WoidSchmuck ist nicht nur zur Tracht ein absoluter Hingucker. [&hellip;]<\/p>\n","protected":false},"featured_media":379,"template":"","meta":[],"product_brand":[],"product_cat":[34],"product_tag":[],"class_list":{"0":"post-378","1":"product","2":"type-product","3":"status-publish","4":"has-post-thumbnail","6":"product_cat-woidschmuk","8":"first","9":"instock","10":"taxable","11":"shipping-taxable","12":"purchasable","13":"product-type-simple"},"aioseo_notices":[],"jetpack_sharing_enabled":true,"_links":{"self":[{"href":"https:\/\/zintl-bodenmais.de\/shop_\/index.php?rest_route=\/wp\/v2\/product\/378","targetHints":{"allow":["GET"]}}],"collection":[{"href":"https:\/\/zintl-bodenmais.de\/shop_\/index.php?rest_route=\/wp\/v2\/product"}],"about":[{"href":"https:\/\/zintl-bodenmais.de\/shop_\/index.php?rest_route=\/wp\/v2\/types\/product"}],"wp:featuredmedia":[{"embeddable":true,"href":"https:\/\/zintl-bodenmais.de\/shop_\/index.php?rest_route=\/wp\/v2\/media\/379"}],"wp:attachment":[{"href":"https:\/\/zintl-bodenmais.de\/shop_\/index.php?rest_route=%2Fwp%2Fv2%2Fmedia&parent=378"}],"wp:term":[{"taxonomy":"product_brand","embeddable":true,"href":"https:\/\/zintl-bodenmais.de\/shop_\/index.php?rest_route=%2Fwp%2Fv2%2Fproduct_brand&post=378"},{"taxonomy":"product_cat","embeddable":true,"href":"https:\/\/zintl-bodenmais.de\/shop_\/index.php?rest_route=%2Fwp%2Fv2%2Fproduct_cat&post=378"},{"taxonomy":"product_tag","embeddable":true,"href":"https:\/\/zintl-bodenmais.de\/shop_\/index.php?rest_route=%2Fwp%2Fv2%2Fproduct_tag&post=378"}],"curies":[{"name":"wp","href":"https:\/\/api.w.org\/{rel}","templated":true}]}}