{"id":296,"date":"2020-04-06T21:12:29","date_gmt":"2020-04-06T19:12:29","guid":{"rendered":"https:\/\/zintl-bodenmais.de\/shop_\/?post_type=product&#038;p=296"},"modified":"2022-08-12T12:43:04","modified_gmt":"2022-08-12T10:43:04","slug":"kinder-creolen-herz-pink","status":"publish","type":"product","link":"https:\/\/zintl-bodenmais.de\/shop_\/?product=kinder-creolen-herz-pink","title":{"rendered":"Kinder Creolen Herz pink"},"content":{"rendered":"<p>Silbercreolen f\u00fcr Kinder mit Herz aus pinken Zirkonia<\/p>\n<p><strong>Produktdetails<\/strong><\/p>\n<p>Steine:Zirkonia pink<\/p>\n<table class=\"tg\">\n<tbody>\n<tr>\n<td class=\"tg-0pky\">Material:<\/td>\n<td class=\"tg-0pky\">Silber<\/td>\n<\/tr>\n<tr>\n<td class=\"tg-0pky\">Legierung:<\/td>\n<td class=\"tg-0pky\">925 Sterlingsilber, rodiniert<\/td>\n<\/tr>\n<tr>\n<td class=\"tg-0pky\">Gr\u00f6\u00dfe:<\/td>\n<td class=\"tg-0pky\">13 mm<\/td>\n<\/tr>\n<tr>\n<td class=\"tg-0pky\">Gewicht:<\/td>\n<td class=\"tg-0pky\">ca. 2,6 g<\/td>\n<\/tr>\n<tr><\/tr>\n<tr><\/tr>\n<\/tbody>\n<\/table>\n<p>Pflegehinweise:<\/p>\n<ul>\n<li>Bewahren Sie Ihren Schmuck nicht in feuchten R\u00e4umen auf \u2013 Feuchtigkeit l\u00e4sst vor allem Silber mit der Zeit sulfidieren\/anlaufen<\/li>\n<li>Benutzen Sie keine scharfen Reinigungsmittel, warmes Wasser gen\u00fcgt, um Verschmutzungen zu entfernen<\/li>\n<li>Silber- und Goldschmuck ohne Besatz\/Verzierungen\/Zubeh\u00f6r von Perlen, Farbsteinen, Lackschichten, Emaille, Karbon, Kautschuk, Leder, Silikon etc. l\u00e4sst sich problemlos mit den passenden Schmuckreinigungst\u00fcchern pflegen<\/li>\n<li>Legen Sie Ihren Schmuck erst nach dem Auftragen von Kosmetika an \u2013 Haarlack, Puder, Parfums, Deodorants, Sonnencremes etc. schaden Ihrem Schmuck<\/li>\n<li>Bewahren Sie Ihren Schmuck am besten in einem mehrteiligen Schmuckk\u00e4stchen auf. So vermeiden Sie bestm\u00f6glich gegenseitigen Abrieb und Kratzer<\/li>\n<\/ul>\n","protected":false},"excerpt":{"rendered":"<p>Silbercreolen f\u00fcr Kinder mit Herz aus pinken Zirkonia Produktdetails Steine:Zirkonia pink Material: Silber Legierung: 925 Sterlingsilber, rodiniert Gr\u00f6\u00dfe: 13 mm Gewicht: ca. 2,6 g Pflegehinweise: Bewahren Sie Ihren Schmuck nicht in feuchten R\u00e4umen auf \u2013 Feuchtigkeit l\u00e4sst vor allem Silber mit der Zeit sulfidieren\/anlaufen Benutzen Sie keine scharfen Reinigungsmittel, warmes [&hellip;]<\/p>\n","protected":false},"featured_media":297,"template":"","meta":[],"product_brand":[],"product_cat":[15],"product_tag":[],"class_list":{"0":"post-296","1":"product","2":"type-product","3":"status-publish","4":"has-post-thumbnail","6":"product_cat-kinder-kinder","8":"first","9":"instock","10":"taxable","11":"shipping-taxable","12":"purchasable","13":"product-type-simple"},"aioseo_notices":[],"jetpack_sharing_enabled":true,"_links":{"self":[{"href":"https:\/\/zintl-bodenmais.de\/shop_\/index.php?rest_route=\/wp\/v2\/product\/296","targetHints":{"allow":["GET"]}}],"collection":[{"href":"https:\/\/zintl-bodenmais.de\/shop_\/index.php?rest_route=\/wp\/v2\/product"}],"about":[{"href":"https:\/\/zintl-bodenmais.de\/shop_\/index.php?rest_route=\/wp\/v2\/types\/product"}],"wp:featuredmedia":[{"embeddable":true,"href":"https:\/\/zintl-bodenmais.de\/shop_\/index.php?rest_route=\/wp\/v2\/media\/297"}],"wp:attachment":[{"href":"https:\/\/zintl-bodenmais.de\/shop_\/index.php?rest_route=%2Fwp%2Fv2%2Fmedia&parent=296"}],"wp:term":[{"taxonomy":"product_brand","embeddable":true,"href":"https:\/\/zintl-bodenmais.de\/shop_\/index.php?rest_route=%2Fwp%2Fv2%2Fproduct_brand&post=296"},{"taxonomy":"product_cat","embeddable":true,"href":"https:\/\/zintl-bodenmais.de\/shop_\/index.php?rest_route=%2Fwp%2Fv2%2Fproduct_cat&post=296"},{"taxonomy":"product_tag","embeddable":true,"href":"https:\/\/zintl-bodenmais.de\/shop_\/index.php?rest_route=%2Fwp%2Fv2%2Fproduct_tag&post=296"}],"curies":[{"name":"wp","href":"https:\/\/api.w.org\/{rel}","templated":true}]}}