{"id":292,"date":"2020-04-06T20:52:37","date_gmt":"2020-04-06T18:52:37","guid":{"rendered":"https:\/\/zintl-bodenmais.de\/shop_\/?post_type=product&#038;p=292"},"modified":"2020-04-06T21:46:42","modified_gmt":"2020-04-06T19:46:42","slug":"kinder-armband-schmetterlinge","status":"publish","type":"product","link":"https:\/\/zintl-bodenmais.de\/shop_\/?product=kinder-armband-schmetterlinge","title":{"rendered":"Kinder Armband Schmetterlinge"},"content":{"rendered":"<p>Kinderarmband in Silber mit 3 fuchsia\/blauen Schetterlingen<\/p>\n<p><strong>Produktdetails<\/strong><\/p>\n<table class=\"tg\">\n<tbody>\n<tr>\n<td class=\"tg-0pky\">Material:<\/td>\n<td class=\"tg-0pky\">Silber<\/td>\n<\/tr>\n<tr>\n<td class=\"tg-0pky\">Legierung:<\/td>\n<td class=\"tg-0pky\">925 Sterlingsilber, rodiniert<\/td>\n<\/tr>\n<tr>\n<td class=\"tg-0pky\">L\u00e4nge:<\/td>\n<td class=\"tg-0pky\">18 cm<\/td>\n<\/tr>\n<tr>\n<td class=\"tg-0pky\">Gewicht:<\/td>\n<td class=\"tg-0pky\">ca. 2,9 g<\/td>\n<\/tr>\n<tr><\/tr>\n<\/tbody>\n<\/table>\n<p>Pflegehinweise:<\/p>\n<ul>\n<li>Bewahren Sie Ihren Schmuck nicht in feuchten R\u00e4umen auf \u2013 Feuchtigkeit l\u00e4sst vor allem Silber mit der Zeit sulfidieren\/anlaufen<\/li>\n<li>Benutzen Sie keine scharfen Reinigungsmittel, warmes Wasser gen\u00fcgt, um Verschmutzungen zu entfernen<\/li>\n<li>Silber- und Goldschmuck ohne Besatz\/Verzierungen\/Zubeh\u00f6r von Perlen, Farbsteinen, Lackschichten, Emaille, Karbon, Kautschuk, Leder, Silikon etc. l\u00e4sst sich problemlos mit den passenden Schmuckreinigungst\u00fcchern pflegen<\/li>\n<li>Legen Sie Ihren Schmuck erst nach dem Auftragen von Kosmetika an \u2013 Haarlack, Puder, Parfums, Deodorants, Sonnencremes etc. schaden Ihrem Schmuck<\/li>\n<li>Bewahren Sie Ihren Schmuck am besten in einem mehrteiligen Schmuckk\u00e4stchen auf. So vermeiden Sie bestm\u00f6glich gegenseitigen Abrieb und Kratzer<\/li>\n<\/ul>\n","protected":false},"excerpt":{"rendered":"<p>Kinderarmband in Silber mit 3 fuchsia\/blauen Schetterlingen Produktdetails Material: Silber Legierung: 925 Sterlingsilber, rodiniert L\u00e4nge: 18 cm Gewicht: ca. 2,9 g Pflegehinweise: Bewahren Sie Ihren Schmuck nicht in feuchten R\u00e4umen auf \u2013 Feuchtigkeit l\u00e4sst vor allem Silber mit der Zeit sulfidieren\/anlaufen Benutzen Sie keine scharfen Reinigungsmittel, warmes Wasser gen\u00fcgt, um [&hellip;]<\/p>\n","protected":false},"featured_media":293,"template":"","meta":[],"product_brand":[],"product_cat":[15],"product_tag":[],"class_list":{"0":"post-292","1":"product","2":"type-product","3":"status-publish","4":"has-post-thumbnail","6":"product_cat-kinder-kinder","8":"first","9":"instock","10":"taxable","11":"shipping-taxable","12":"purchasable","13":"product-type-simple"},"aioseo_notices":[],"jetpack_sharing_enabled":true,"_links":{"self":[{"href":"https:\/\/zintl-bodenmais.de\/shop_\/index.php?rest_route=\/wp\/v2\/product\/292","targetHints":{"allow":["GET"]}}],"collection":[{"href":"https:\/\/zintl-bodenmais.de\/shop_\/index.php?rest_route=\/wp\/v2\/product"}],"about":[{"href":"https:\/\/zintl-bodenmais.de\/shop_\/index.php?rest_route=\/wp\/v2\/types\/product"}],"wp:featuredmedia":[{"embeddable":true,"href":"https:\/\/zintl-bodenmais.de\/shop_\/index.php?rest_route=\/wp\/v2\/media\/293"}],"wp:attachment":[{"href":"https:\/\/zintl-bodenmais.de\/shop_\/index.php?rest_route=%2Fwp%2Fv2%2Fmedia&parent=292"}],"wp:term":[{"taxonomy":"product_brand","embeddable":true,"href":"https:\/\/zintl-bodenmais.de\/shop_\/index.php?rest_route=%2Fwp%2Fv2%2Fproduct_brand&post=292"},{"taxonomy":"product_cat","embeddable":true,"href":"https:\/\/zintl-bodenmais.de\/shop_\/index.php?rest_route=%2Fwp%2Fv2%2Fproduct_cat&post=292"},{"taxonomy":"product_tag","embeddable":true,"href":"https:\/\/zintl-bodenmais.de\/shop_\/index.php?rest_route=%2Fwp%2Fv2%2Fproduct_tag&post=292"}],"curies":[{"name":"wp","href":"https:\/\/api.w.org\/{rel}","templated":true}]}}