{"id":209,"date":"2020-04-05T12:24:11","date_gmt":"2020-04-05T10:24:11","guid":{"rendered":"https:\/\/zintl-bodenmais.de\/shop_\/?post_type=product&#038;p=209"},"modified":"2026-01-05T12:56:28","modified_gmt":"2026-01-05T11:56:28","slug":"ring-kette","status":"publish","type":"product","link":"https:\/\/zintl-bodenmais.de\/shop_\/?product=ring-kette","title":{"rendered":"Zintl Ring Kette mit Brillanten"},"content":{"rendered":"<p>Damenring aus Wei\u00dfgold 750 mit 12 kleinen Brillanten in Kettenoptik. Ein Zeichen f\u00fcr Verbundenheit&#8230;<br \/>\nDifferenzbesteuert \u00a725a UStG<\/p>\n<p><strong>Produktdetails<\/strong><\/p>\n<table class=\"tg\">\n<tbody>\n<tr>\n<td class=\"tg-0pky\">Artikelzustand:<\/td>\n<td class=\"tg-0pky\">gebraucht<\/td>\n<\/tr>\n<tr>\n<td class=\"tg-0pky\">Material:<\/td>\n<td class=\"tg-0pky\">Wei\u00dfgold<\/td>\n<\/tr>\n<tr>\n<td class=\"tg-0pky\">Gr\u00f6\u00dfe:<\/td>\n<td class=\"tg-0pky\">54<\/td>\n<\/tr>\n<tr>\n<td class=\"tg-0pky\">Legierung:<\/td>\n<td class=\"tg-0pky\">18 Karat<\/td>\n<\/tr>\n<tr>\n<td class=\"tg-0pky\">Gewicht:<\/td>\n<td class=\"tg-0pky\">ca. 8,2 g<\/td>\n<\/tr>\n<tr>\n<td class=\"tg-0pky\">Steine:<\/td>\n<td class=\"tg-0pky\">Brillanten ca. 0,08 ct<\/td>\n<\/tr>\n<tr>\n<td class=\"tg-0pky\"><\/td>\n<td class=\"tg-0pky\"><\/td>\n<\/tr>\n<\/tbody>\n<\/table>\n<p>Pflegehinweise:<br \/>\n\u2022 Bewahren Sie Ihren Schmuck nicht in feuchten R\u00e4umen auf \u2013 Feuchtigkeit l\u00e4sst vor allem Silber mit der Zeit sulfidieren\/anlaufen<br \/>\n\u2022 Benutzen Sie keine scharfen Reinigungsmittel, warmes Wasser gen\u00fcgt, um Verschmutzungen zu entfernen<br \/>\n\u2022 Silber- und Goldschmuck ohne Besatz\/Verzierungen\/Zubeh\u00f6r von Perlen, Farbsteinen, Lackschichten, Emaille, Karbon, Kautschuk, Leder, Silikon etc. l\u00e4sst sich problemlos mit den passenden Schmuckreinigungst\u00fcchern pflegen<br \/>\n\u2022 Legen Sie Ihren Schmuck erst nach dem Auftragen von Kosmetika an \u2013 Haarlack, Puder, Parfums, Deodorants, Sonnencremes etc. schaden Ihrem Schmuck<br \/>\n\u2022 Bewahren Sie Ihren Schmuck am besten in einem mehrteiligen Schmuckk\u00e4stchen auf. So vermeiden Sie bestm\u00f6glich gegenseitigen Abrieb und Kratzer<\/p>\n","protected":false},"excerpt":{"rendered":"<p>Damenring aus Wei\u00dfgold 750 mit 12 kleinen Brillanten in Kettenoptik. Ein Zeichen f\u00fcr Verbundenheit&#8230; Differenzbesteuert \u00a725a UStG Produktdetails Artikelzustand: gebraucht Material: Wei\u00dfgold Gr\u00f6\u00dfe: 54 Legierung: 18 Karat Gewicht: ca. 8,2 g Steine: Brillanten ca. 0,08 ct Pflegehinweise: \u2022 Bewahren Sie Ihren Schmuck nicht in feuchten R\u00e4umen auf \u2013 Feuchtigkeit l\u00e4sst [&hellip;]<\/p>\n","protected":false},"featured_media":205,"template":"","meta":[],"product_brand":[],"product_cat":[36],"product_tag":[],"class_list":{"0":"post-209","1":"product","2":"type-product","3":"status-publish","4":"has-post-thumbnail","6":"product_cat-schmuck-mit-vergangenheit","8":"first","9":"instock","10":"sale","11":"sold-individually","12":"purchasable","13":"product-type-simple"},"aioseo_notices":[],"jetpack_sharing_enabled":true,"_links":{"self":[{"href":"https:\/\/zintl-bodenmais.de\/shop_\/index.php?rest_route=\/wp\/v2\/product\/209","targetHints":{"allow":["GET"]}}],"collection":[{"href":"https:\/\/zintl-bodenmais.de\/shop_\/index.php?rest_route=\/wp\/v2\/product"}],"about":[{"href":"https:\/\/zintl-bodenmais.de\/shop_\/index.php?rest_route=\/wp\/v2\/types\/product"}],"wp:featuredmedia":[{"embeddable":true,"href":"https:\/\/zintl-bodenmais.de\/shop_\/index.php?rest_route=\/wp\/v2\/media\/205"}],"wp:attachment":[{"href":"https:\/\/zintl-bodenmais.de\/shop_\/index.php?rest_route=%2Fwp%2Fv2%2Fmedia&parent=209"}],"wp:term":[{"taxonomy":"product_brand","embeddable":true,"href":"https:\/\/zintl-bodenmais.de\/shop_\/index.php?rest_route=%2Fwp%2Fv2%2Fproduct_brand&post=209"},{"taxonomy":"product_cat","embeddable":true,"href":"https:\/\/zintl-bodenmais.de\/shop_\/index.php?rest_route=%2Fwp%2Fv2%2Fproduct_cat&post=209"},{"taxonomy":"product_tag","embeddable":true,"href":"https:\/\/zintl-bodenmais.de\/shop_\/index.php?rest_route=%2Fwp%2Fv2%2Fproduct_tag&post=209"}],"curies":[{"name":"wp","href":"https:\/\/api.w.org\/{rel}","templated":true}]}}