{"id":170,"date":"2020-04-04T17:23:45","date_gmt":"2020-04-04T15:23:45","guid":{"rendered":"https:\/\/zintl-bodenmais.de\/shop_\/?post_type=product&#038;p=170"},"modified":"2020-04-05T20:59:30","modified_gmt":"2020-04-05T18:59:30","slug":"holzherz-anna-silber-gefasst","status":"publish","type":"product","link":"https:\/\/zintl-bodenmais.de\/shop_\/?product=holzherz-anna-silber-gefasst","title":{"rendered":"Holzherz Anna silber gefasst"},"content":{"rendered":"<p>Dieses handgefertigte Holzherz aus Kiefer mit Silberfassung ist ein Naturprodukt. Es wurde von uns mit viel Liebe ausges\u00e4gt, gefeilt, poliert, ge\u00f6lt und in Silber gefasst &#8211; ein echtes St\u00fcck Bodenmais also. Auf Grund der vielf\u00e4ltigen Maserungen ist jedes Herz ein Unikat. Unser WoidSchmuck ist nicht nur zur Tracht ein absoluter Hingucker.<\/p>\n<p><strong>Produktdetails<\/strong><\/p>\n<table class=\"tg\">\n<td class=\"tg-0pky\">Fassung:<\/td>\n<td class=\"tg-0pky\">handgefertigt, Silber 925<\/td>\n<\/tr>\n<tr>\n<td class=\"tg-0pky\">Gr\u00f6\u00dfe:<\/td>\n<td class=\"tg-0pky\">ca. 7 cm<\/td>\n<\/tr>\n<tr>\n<td class=\"tg-0pky\">Gewicht:<\/td>\n<td class=\"tg-0pky\">ca. 22 g<\/td>\n<\/tr>\n<tr>\n<td class=\"tg-0pky\">Finish:<\/td>\n<td class=\"tg-0pky\">Lein\u00f6l<\/td>\n<\/tr>\n<tr>\n<td class=\"tg-0pky\"><\/td>\n<td class=\"tg-0pky\"><\/td>\n<\/tr>\n<\/tbody>\n<\/table>\n<p>Pflegehinweis:<br \/>\nDieses Naturprodukt verdient sehr sorgsame Behandlung und darf nicht nass werden. Bitte zum Duschen, Sport oder Schwimmen abnehmen.<\/p>\n","protected":false},"excerpt":{"rendered":"<p>Dieses handgefertigte Holzherz aus Kiefer mit Silberfassung ist ein Naturprodukt. Es wurde von uns mit viel Liebe ausges\u00e4gt, gefeilt, poliert, ge\u00f6lt und in Silber gefasst &#8211; ein echtes St\u00fcck Bodenmais also. Auf Grund der vielf\u00e4ltigen Maserungen ist jedes Herz ein Unikat. Unser WoidSchmuck ist nicht nur zur Tracht ein absoluter [&hellip;]<\/p>\n","protected":false},"featured_media":210,"template":"","meta":[],"product_brand":[],"product_cat":[34],"product_tag":[],"class_list":{"0":"post-170","1":"product","2":"type-product","3":"status-publish","4":"has-post-thumbnail","6":"product_cat-woidschmuk","8":"first","9":"instock","10":"taxable","11":"shipping-taxable","12":"purchasable","13":"product-type-simple"},"aioseo_notices":[],"jetpack_sharing_enabled":true,"_links":{"self":[{"href":"https:\/\/zintl-bodenmais.de\/shop_\/index.php?rest_route=\/wp\/v2\/product\/170","targetHints":{"allow":["GET"]}}],"collection":[{"href":"https:\/\/zintl-bodenmais.de\/shop_\/index.php?rest_route=\/wp\/v2\/product"}],"about":[{"href":"https:\/\/zintl-bodenmais.de\/shop_\/index.php?rest_route=\/wp\/v2\/types\/product"}],"wp:featuredmedia":[{"embeddable":true,"href":"https:\/\/zintl-bodenmais.de\/shop_\/index.php?rest_route=\/wp\/v2\/media\/210"}],"wp:attachment":[{"href":"https:\/\/zintl-bodenmais.de\/shop_\/index.php?rest_route=%2Fwp%2Fv2%2Fmedia&parent=170"}],"wp:term":[{"taxonomy":"product_brand","embeddable":true,"href":"https:\/\/zintl-bodenmais.de\/shop_\/index.php?rest_route=%2Fwp%2Fv2%2Fproduct_brand&post=170"},{"taxonomy":"product_cat","embeddable":true,"href":"https:\/\/zintl-bodenmais.de\/shop_\/index.php?rest_route=%2Fwp%2Fv2%2Fproduct_cat&post=170"},{"taxonomy":"product_tag","embeddable":true,"href":"https:\/\/zintl-bodenmais.de\/shop_\/index.php?rest_route=%2Fwp%2Fv2%2Fproduct_tag&post=170"}],"curies":[{"name":"wp","href":"https:\/\/api.w.org\/{rel}","templated":true}]}}